{"id":2512,"date":"2022-06-11T22:39:20","date_gmt":"2022-06-11T20:39:20","guid":{"rendered":"https:\/\/p-brz8l6.project.space\/contact-us\/"},"modified":"2024-08-08T16:42:24","modified_gmt":"2024-08-08T14:42:24","slug":"contact-us","status":"publish","type":"page","link":"https:\/\/plottix.de\/en\/contact-us\/","title":{"rendered":"Contact"},"content":{"rendered":"<section class=\"gb-container gb-container-e5686c43\">\n<div class=\"gb-container gb-container-76af6cd9\">\n<div class=\"gb-container gb-container-45735e40\">\n\n<h1 class=\"gb-headline gb-headline-d6b4d4e0 gb-headline-text\">Contact<\/h1>\n\n\n\n<p class=\"has-text-align-center has-contrast-color has-text-color\"><strong>Questions &#8211; Help &amp; Support<\/strong><\/p>\n\n<\/div>\n<\/div>\n<\/section>\n\n<section class=\"gb-container gb-container-1537fc24\">\n<div class=\"gb-container gb-container-e58aed2b\">\n\n<h2 class=\"wp-block-heading\">Our plottiX team is here for you!<\/h2>\n\n\n\n<p>Sie haben noch offene Fragen zu unseren Produkten und der Anwendung? Unser kompetentes Fachpersonal von plottiX hilft Ihnen gerne bei Ihren Anliegen.<\/p>\n\n\n<div class=\"gb-container gb-container-c1d4759b\">\n\n<span class=\"gb-button gb-button-10e59523\"><span class=\"gb-icon\"><svg xmlns=\"http:\/\/www.w3.org\/2000\/svg\" viewBox=\"0 0 512 512\" width=\"1em\" height=\"1em\" aria-hidden=\"true\"><path d=\"M464 64H48C21.49 64 0 85.49 0 112v288c0 26.51 21.49 48 48 48h416c26.51 0 48-21.49 48-48V112c0-26.51-21.49-48-48-48zm0 48v40.805c-22.422 18.259-58.168 46.651-134.587 106.49-16.841 13.247-50.201 45.072-73.413 44.701-23.208.375-56.579-31.459-73.413-44.701C106.18 199.465 70.425 171.067 48 152.805V112h416zM48 400V214.398c22.914 18.251 55.409 43.862 104.938 82.646 21.857 17.205 60.134 55.186 103.062 54.955 42.717.231 80.509-37.199 103.053-54.947 49.528-38.783 82.032-64.401 104.947-82.653V400H48z\" fill=\"currentColor\"><\/path><\/svg><\/span><\/span>\n\n\n<div class=\"gb-container gb-container-73575364\">\n\n<h3 class=\"gb-headline gb-headline-c3604ae8 gb-headline-text\">email<\/h3>\n\n\n\n<p class=\"gb-headline gb-headline-f3e4fae6 gb-headline-text\"><a href=\"mailto:info@plottix.de\">info@plottix.de<\/a><\/p>\n\n<\/div>\n<\/div>\n\n\n<p><strong>Our opening hours:<\/strong><\/p>\n\n\n\n<figure class=\"wp-block-table\"><table><tbody><tr><td>Monday<\/td><td>09:00-12:30, 13:00-17:00<\/td><\/tr><tr><td>Tuesday<\/td><td>09:00-12:30, 13:00-17:00<\/td><\/tr><tr><td>Wednesday<\/td><td>09:00-12:30, 13:00-17:00<\/td><\/tr><tr><td>Thursday<\/td><td>09:00-12:30, 13:00-17:00<\/td><\/tr><tr><td>Friday<\/td><td>09:00-12:30, 13:00-16:30<\/td><\/tr><\/tbody><\/table><\/figure>\n\n\n\n<p>Bitte geben Sie uns genaue Informationen zu den von Ihnen verwendeten Produkten und Abl\u00e4ufen, denn so k\u00f6nnen wir Ihnen die beste technische Unterst\u00fctzung geben.<\/p>\n\n\n\n<h2 class=\"gb-headline gb-headline-60b49352 gb-headline-text\">Social<\/h2>\n\n\n<div class=\"gb-container gb-container-3122df38\">\n\n<a class=\"gb-button gb-button-259344b4\" href=\"https:\/\/www.facebook.com\/plottix\" target=\"_blank\" rel=\"noopener noreferrer\"><span class=\"gb-icon\"><svg xmlns=\"http:\/\/www.w3.org\/2000\/svg\" aria-hidden=\"true\" role=\"img\" height=\"1em\" width=\"1em\" viewBox=\"0 0 448 512\"><path fill=\"currentColor\" d=\"M400 32H48A48 48 0 0 0 0 80v352a48 48 0 0 0 48 48h137.25V327.69h-63V256h63v-54.64c0-62.15 37-96.48 93.67-96.48 27.14 0 55.52 4.84 55.52 4.84v61h-31.27c-30.81 0-40.42 19.12-40.42 38.73V256h68.78l-11 71.69h-57.78V480H400a48 48 0 0 0 48-48V80a48 48 0 0 0-48-48z\"><\/path><\/svg><\/span><\/a>\n\n\n\n<a class=\"gb-button gb-button-724afd03\" href=\"https:\/\/www.instagram.com\/plottix.de\/\" target=\"_blank\" rel=\"noopener noreferrer\"><span class=\"gb-icon\"><svg xmlns=\"http:\/\/www.w3.org\/2000\/svg\" aria-hidden=\"true\" role=\"img\" height=\"1em\" width=\"1em\" viewBox=\"0 0 448 512\"><path fill=\"currentColor\" d=\"M224.1 141c-63.6 0-114.9 51.3-114.9 114.9s51.3 114.9 114.9 114.9S339 319.5 339 255.9 287.7 141 224.1 141zm0 189.6c-41.1 0-74.7-33.5-74.7-74.7s33.5-74.7 74.7-74.7 74.7 33.5 74.7 74.7-33.6 74.7-74.7 74.7zm146.4-194.3c0 14.9-12 26.8-26.8 26.8-14.9 0-26.8-12-26.8-26.8s12-26.8 26.8-26.8 26.8 12 26.8 26.8zm76.1 27.2c-1.7-35.9-9.9-67.7-36.2-93.9-26.2-26.2-58-34.4-93.9-36.2-37-2.1-147.9-2.1-184.9 0-35.8 1.7-67.6 9.9-93.9 36.1s-34.4 58-36.2 93.9c-2.1 37-2.1 147.9 0 184.9 1.7 35.9 9.9 67.7 36.2 93.9s58 34.4 93.9 36.2c37 2.1 147.9 2.1 184.9 0 35.9-1.7 67.7-9.9 93.9-36.2 26.2-26.2 34.4-58 36.2-93.9 2.1-37 2.1-147.8 0-184.8zM398.8 388c-7.8 19.6-22.9 34.7-42.6 42.6-29.5 11.7-99.5 9-132.1 9s-102.7 2.6-132.1-9c-19.6-7.8-34.7-22.9-42.6-42.6-11.7-29.5-9-99.5-9-132.1s-2.6-102.7 9-132.1c7.8-19.6 22.9-34.7 42.6-42.6 29.5-11.7 99.5-9 132.1-9s102.7-2.6 132.1 9c19.6 7.8 34.7 22.9 42.6 42.6 11.7 29.5 9 99.5 9 132.1s2.7 102.7-9 132.1z\"><\/path><\/svg><\/span><\/a>\n\n\n\n<a class=\"gb-button gb-button-61a3c565\" href=\"https:\/\/www.youtube.com\/channel\/UCXT6HNHxRvHd2JFXdUmkCzg\" target=\"_blank\" rel=\"noopener noreferrer\"><span class=\"gb-icon\"><svg xmlns=\"http:\/\/www.w3.org\/2000\/svg\" aria-hidden=\"true\" role=\"img\" height=\"1em\" width=\"1em\" viewBox=\"0 0 576 512\"><path fill=\"currentColor\" d=\"M549.655 124.083c-6.281-23.65-24.787-42.276-48.284-48.597C458.781 64 288 64 288 64S117.22 64 74.629 75.486c-23.497 6.322-42.003 24.947-48.284 48.597-11.412 42.867-11.412 132.305-11.412 132.305s0 89.438 11.412 132.305c6.281 23.65 24.787 41.5 48.284 47.821C117.22 448 288 448 288 448s170.78 0 213.371-11.486c23.497-6.321 42.003-24.171 48.284-47.821 11.412-42.867 11.412-132.305 11.412-132.305s0-89.438-11.412-132.305zm-317.51 213.508V175.185l142.739 81.205-142.739 81.201z\"><\/path><\/svg><\/span><\/a>\n\n<\/div>\n<\/div>\n\n<div class=\"gb-container gb-container-c8cf2232\">\n\n<h3 class=\"gb-headline gb-headline-1f8b675c gb-headline-text\">Kontaktformular<\/h3>\n\n\n<p class=\"wpcf7-contact-form-not-found\"><strong>Error:<\/strong> Contact form not found.<\/p>\n\n<\/div>\n<\/section>","protected":false},"excerpt":{"rendered":"<p>Contact Questions &#8211; Help &amp; Support Our plottiX team is here for you! Sie haben noch offene Fragen zu unseren Produkten und der Anwendung? Unser kompetentes Fachpersonal von plottiX hilft Ihnen gerne bei Ihren Anliegen. email info@plottix.de Our opening hours: Monday 09:00-12:30, 13:00-17:00 Tuesday 09:00-12:30, 13:00-17:00 Wednesday 09:00-12:30, 13:00-17:00 Thursday 09:00-12:30, 13:00-17:00 Friday 09:00-12:30, 13:00-16:30 &#8230; <a title=\"Contact\" class=\"read-more\" href=\"https:\/\/plottix.de\/en\/contact-us\/\" aria-label=\"Read more about Contact\">Read more<\/a><\/p>\n","protected":false},"author":2,"featured_media":2212,"parent":0,"menu_order":0,"comment_status":"closed","ping_status":"closed","template":"","meta":{"footnotes":""},"class_list":["post-2512","page","type-page","status-publish","has-post-thumbnail"],"yoast_head":"<!-- This site is optimized with the Yoast SEO plugin v27.4 - https:\/\/yoast.com\/product\/yoast-seo-wordpress\/ -->\n<title>plottiX Contact informations<\/title>\n<meta name=\"description\" content=\"Do you have any open questions? You can contact us through these informations or via our formular. We look forward to hear from you &gt;\" \/>\n<meta name=\"robots\" content=\"index, follow, max-snippet:-1, max-image-preview:large, max-video-preview:-1\" \/>\n<link rel=\"canonical\" href=\"https:\/\/plottix.de\/en\/contact-us\/\" \/>\n<meta property=\"og:locale\" content=\"en_US\" \/>\n<meta property=\"og:type\" content=\"article\" \/>\n<meta property=\"og:title\" content=\"plottiX Contact informations\" \/>\n<meta property=\"og:description\" content=\"Do you have any open questions? You can contact us through these informations or via our formular. We look forward to hear from you &gt;\" \/>\n<meta property=\"og:url\" content=\"https:\/\/plottix.de\/en\/contact-us\/\" \/>\n<meta property=\"og:site_name\" content=\"plottiX\" \/>\n<meta property=\"article:modified_time\" content=\"2024-08-08T14:42:24+00:00\" \/>\n<meta property=\"og:image\" content=\"https:\/\/plottix.de\/wp-content\/uploads\/2022\/06\/julian-hochgesang-Dkn8-zPIbwo-unsplash.jpg\" \/>\n\t<meta property=\"og:image:width\" content=\"1920\" \/>\n\t<meta property=\"og:image:height\" content=\"1280\" \/>\n\t<meta property=\"og:image:type\" content=\"image\/jpeg\" \/>\n<meta name=\"twitter:card\" content=\"summary_large_image\" \/>\n<meta name=\"twitter:label1\" content=\"Est. reading time\" \/>\n\t<meta name=\"twitter:data1\" content=\"1 minute\" \/>\n<script type=\"application\/ld+json\" class=\"yoast-schema-graph\">{\"@context\":\"https:\\\/\\\/schema.org\",\"@graph\":[{\"@type\":\"WebPage\",\"@id\":\"https:\\\/\\\/plottix.de\\\/en\\\/contact-us\\\/\",\"url\":\"https:\\\/\\\/plottix.de\\\/en\\\/contact-us\\\/\",\"name\":\"plottiX Contact informations\",\"isPartOf\":{\"@id\":\"https:\\\/\\\/plottix.de\\\/en\\\/#website\"},\"primaryImageOfPage\":{\"@id\":\"https:\\\/\\\/plottix.de\\\/en\\\/contact-us\\\/#primaryimage\"},\"image\":{\"@id\":\"https:\\\/\\\/plottix.de\\\/en\\\/contact-us\\\/#primaryimage\"},\"thumbnailUrl\":\"https:\\\/\\\/plottix.de\\\/wp-content\\\/uploads\\\/2022\\\/06\\\/julian-hochgesang-Dkn8-zPIbwo-unsplash.jpg\",\"datePublished\":\"2022-06-11T20:39:20+00:00\",\"dateModified\":\"2024-08-08T14:42:24+00:00\",\"description\":\"Do you have any open questions? You can contact us through these informations or via our formular. We look forward to hear from you >\",\"breadcrumb\":{\"@id\":\"https:\\\/\\\/plottix.de\\\/en\\\/contact-us\\\/#breadcrumb\"},\"inLanguage\":\"en-US\",\"potentialAction\":[{\"@type\":\"ReadAction\",\"target\":[\"https:\\\/\\\/plottix.de\\\/en\\\/contact-us\\\/\"]}]},{\"@type\":\"ImageObject\",\"inLanguage\":\"en-US\",\"@id\":\"https:\\\/\\\/plottix.de\\\/en\\\/contact-us\\\/#primaryimage\",\"url\":\"https:\\\/\\\/plottix.de\\\/wp-content\\\/uploads\\\/2022\\\/06\\\/julian-hochgesang-Dkn8-zPIbwo-unsplash.jpg\",\"contentUrl\":\"https:\\\/\\\/plottix.de\\\/wp-content\\\/uploads\\\/2022\\\/06\\\/julian-hochgesang-Dkn8-zPIbwo-unsplash.jpg\",\"width\":1920,\"height\":1280},{\"@type\":\"BreadcrumbList\",\"@id\":\"https:\\\/\\\/plottix.de\\\/en\\\/contact-us\\\/#breadcrumb\",\"itemListElement\":[{\"@type\":\"ListItem\",\"position\":1,\"name\":\"Startseite\",\"item\":\"https:\\\/\\\/plottix.de\\\/en\\\/\"},{\"@type\":\"ListItem\",\"position\":2,\"name\":\"Contact\"}]},{\"@type\":\"WebSite\",\"@id\":\"https:\\\/\\\/plottix.de\\\/en\\\/#website\",\"url\":\"https:\\\/\\\/plottix.de\\\/en\\\/\",\"name\":\"plottiX\",\"description\":\"\u2013 Ihr H\u00e4ndler f\u00fcr kreative Materialien\",\"publisher\":{\"@id\":\"https:\\\/\\\/plottix.de\\\/en\\\/#organization\"},\"potentialAction\":[{\"@type\":\"SearchAction\",\"target\":{\"@type\":\"EntryPoint\",\"urlTemplate\":\"https:\\\/\\\/plottix.de\\\/en\\\/?s={search_term_string}\"},\"query-input\":{\"@type\":\"PropertyValueSpecification\",\"valueRequired\":true,\"valueName\":\"search_term_string\"}}],\"inLanguage\":\"en-US\"},{\"@type\":\"Organization\",\"@id\":\"https:\\\/\\\/plottix.de\\\/en\\\/#organization\",\"name\":\"plottiX\",\"url\":\"https:\\\/\\\/plottix.de\\\/en\\\/\",\"logo\":{\"@type\":\"ImageObject\",\"inLanguage\":\"en-US\",\"@id\":\"https:\\\/\\\/plottix.de\\\/en\\\/#\\\/schema\\\/logo\\\/image\\\/\",\"url\":\"https:\\\/\\\/plottix.de\\\/wp-content\\\/uploads\\\/2023\\\/05\\\/plottix-logo.png\",\"contentUrl\":\"https:\\\/\\\/plottix.de\\\/wp-content\\\/uploads\\\/2023\\\/05\\\/plottix-logo.png\",\"width\":800,\"height\":382,\"caption\":\"plottiX\"},\"image\":{\"@id\":\"https:\\\/\\\/plottix.de\\\/en\\\/#\\\/schema\\\/logo\\\/image\\\/\"}}]}<\/script>\n<!-- \/ Yoast SEO plugin. -->","yoast_head_json":{"title":"plottiX Contact informations","description":"Do you have any open questions? You can contact us through these informations or via our formular. We look forward to hear from you >","robots":{"index":"index","follow":"follow","max-snippet":"max-snippet:-1","max-image-preview":"max-image-preview:large","max-video-preview":"max-video-preview:-1"},"canonical":"https:\/\/plottix.de\/en\/contact-us\/","og_locale":"en_US","og_type":"article","og_title":"plottiX Contact informations","og_description":"Do you have any open questions? You can contact us through these informations or via our formular. We look forward to hear from you >","og_url":"https:\/\/plottix.de\/en\/contact-us\/","og_site_name":"plottiX","article_modified_time":"2024-08-08T14:42:24+00:00","og_image":[{"width":1920,"height":1280,"url":"https:\/\/plottix.de\/wp-content\/uploads\/2022\/06\/julian-hochgesang-Dkn8-zPIbwo-unsplash.jpg","type":"image\/jpeg"}],"twitter_card":"summary_large_image","twitter_misc":{"Est. reading time":"1 minute"},"schema":{"@context":"https:\/\/schema.org","@graph":[{"@type":"WebPage","@id":"https:\/\/plottix.de\/en\/contact-us\/","url":"https:\/\/plottix.de\/en\/contact-us\/","name":"plottiX Contact informations","isPartOf":{"@id":"https:\/\/plottix.de\/en\/#website"},"primaryImageOfPage":{"@id":"https:\/\/plottix.de\/en\/contact-us\/#primaryimage"},"image":{"@id":"https:\/\/plottix.de\/en\/contact-us\/#primaryimage"},"thumbnailUrl":"https:\/\/plottix.de\/wp-content\/uploads\/2022\/06\/julian-hochgesang-Dkn8-zPIbwo-unsplash.jpg","datePublished":"2022-06-11T20:39:20+00:00","dateModified":"2024-08-08T14:42:24+00:00","description":"Do you have any open questions? You can contact us through these informations or via our formular. We look forward to hear from you >","breadcrumb":{"@id":"https:\/\/plottix.de\/en\/contact-us\/#breadcrumb"},"inLanguage":"en-US","potentialAction":[{"@type":"ReadAction","target":["https:\/\/plottix.de\/en\/contact-us\/"]}]},{"@type":"ImageObject","inLanguage":"en-US","@id":"https:\/\/plottix.de\/en\/contact-us\/#primaryimage","url":"https:\/\/plottix.de\/wp-content\/uploads\/2022\/06\/julian-hochgesang-Dkn8-zPIbwo-unsplash.jpg","contentUrl":"https:\/\/plottix.de\/wp-content\/uploads\/2022\/06\/julian-hochgesang-Dkn8-zPIbwo-unsplash.jpg","width":1920,"height":1280},{"@type":"BreadcrumbList","@id":"https:\/\/plottix.de\/en\/contact-us\/#breadcrumb","itemListElement":[{"@type":"ListItem","position":1,"name":"Startseite","item":"https:\/\/plottix.de\/en\/"},{"@type":"ListItem","position":2,"name":"Contact"}]},{"@type":"WebSite","@id":"https:\/\/plottix.de\/en\/#website","url":"https:\/\/plottix.de\/en\/","name":"plottiX","description":"\u2013 Ihr H\u00e4ndler f\u00fcr kreative Materialien","publisher":{"@id":"https:\/\/plottix.de\/en\/#organization"},"potentialAction":[{"@type":"SearchAction","target":{"@type":"EntryPoint","urlTemplate":"https:\/\/plottix.de\/en\/?s={search_term_string}"},"query-input":{"@type":"PropertyValueSpecification","valueRequired":true,"valueName":"search_term_string"}}],"inLanguage":"en-US"},{"@type":"Organization","@id":"https:\/\/plottix.de\/en\/#organization","name":"plottiX","url":"https:\/\/plottix.de\/en\/","logo":{"@type":"ImageObject","inLanguage":"en-US","@id":"https:\/\/plottix.de\/en\/#\/schema\/logo\/image\/","url":"https:\/\/plottix.de\/wp-content\/uploads\/2023\/05\/plottix-logo.png","contentUrl":"https:\/\/plottix.de\/wp-content\/uploads\/2023\/05\/plottix-logo.png","width":800,"height":382,"caption":"plottiX"},"image":{"@id":"https:\/\/plottix.de\/en\/#\/schema\/logo\/image\/"}}]}},"_links":{"self":[{"href":"https:\/\/plottix.de\/en\/wp-json\/wp\/v2\/pages\/2512","targetHints":{"allow":["GET"]}}],"collection":[{"href":"https:\/\/plottix.de\/en\/wp-json\/wp\/v2\/pages"}],"about":[{"href":"https:\/\/plottix.de\/en\/wp-json\/wp\/v2\/types\/page"}],"author":[{"embeddable":true,"href":"https:\/\/plottix.de\/en\/wp-json\/wp\/v2\/users\/2"}],"replies":[{"embeddable":true,"href":"https:\/\/plottix.de\/en\/wp-json\/wp\/v2\/comments?post=2512"}],"version-history":[{"count":10,"href":"https:\/\/plottix.de\/en\/wp-json\/wp\/v2\/pages\/2512\/revisions"}],"predecessor-version":[{"id":6623,"href":"https:\/\/plottix.de\/en\/wp-json\/wp\/v2\/pages\/2512\/revisions\/6623"}],"wp:featuredmedia":[{"embeddable":true,"href":"https:\/\/plottix.de\/en\/wp-json\/wp\/v2\/media\/2212"}],"wp:attachment":[{"href":"https:\/\/plottix.de\/en\/wp-json\/wp\/v2\/media?parent=2512"}],"curies":[{"name":"wp","href":"https:\/\/api.w.org\/{rel}","templated":true}]}}