{"id":5836,"date":"2024-01-12T12:56:25","date_gmt":"2024-01-12T11:56:25","guid":{"rendered":"https:\/\/p-brz8l6.project.space\/produkte\/uncategorized\/glamourflex-bundle-basics-5-farben\/"},"modified":"2024-09-23T10:32:18","modified_gmt":"2024-09-23T08:32:18","slug":"glamourflex-bundle-basics-5-colors","status":"publish","type":"product","link":"https:\/\/plottix.de\/en\/products\/iron-on-foil\/bundles\/glamourflex-bundle-basics-5-colors\/","title":{"rendered":"GlamourFlex Bundle \u2013 Basics (5 colors)"},"content":{"rendered":"<p>Elegante Glitzer-Aufb\u00fcgelfolie f\u00fcr Ihre Textilien! Mit den 5 unterschiedlichen Farben k\u00f6nnen Sie tolle Designs erstellen und Ihre Motive zum funkeln bringen.<\/p>\n<div class=\"gb-container gb-container-f4372c0e gb-accordion__content\">\n<p><strong>Messereinstellungen<\/strong><\/p>\n<figure class=\"wp-block-table\">\n<table>\n<thead>\n<tr>\n<th>Ger\u00e4t<\/th>\n<th>Messer<\/th>\n<th>Anpressdruck<\/th>\n<\/tr>\n<\/thead>\n<tbody>\n<tr>\n<td>Silhouette<\/td>\n<td>2<\/td>\n<td>8<\/td>\n<\/tr>\n<tr>\n<td>Brother CM-Serie<\/td>\n<td>1<\/td>\n<td>0<\/td>\n<\/tr>\n<tr>\n<td>Brother DX-Serie*<\/td>\n<td>Auto<\/td>\n<td>Auto<\/td>\n<\/tr>\n<tr>\n<td>Bei Verwendung eines Cricut Schneideplotters **<\/td>\n<td>113<\/td>\n<td>Standard<\/td>\n<\/tr>\n<\/tbody>\n<\/table>\n<\/figure>\n<p>Beachten Sie bitte, dass der Anpressdruck je nach Abnutzung des Messer ggfs. erh\u00f6ht werden muss. *Halbschnittfunktion aktivieren ** Multischnitt OFF \u2013 Klingentyp: Feinklinge<\/p>\n<p><strong>Eigenschaften<\/strong><\/p>\n<ul>\n<li>Aufb\u00fcgeln: ca. 5 Sekunden hei\u00df vorpressen<\/li>\n<li>Motiv platzieren (ggf. mit Backpapier abdecken)<\/li>\n<li>Ca. 15 Sekunden bei 160 Grad festpressen<\/li>\n<li>Tr\u00e4ger hei\u00df abziehen<\/li>\n<li>Waschbar bis 60 Grad<\/li>\n<li>Geeignet f\u00fcr: Baumwolle, Polyester, Mischgewebe<\/li>\n<\/ul>\n<\/div>\n","protected":false},"excerpt":{"rendered":"<p><strong>Available in<\/strong><\/p>\n<ul class=\"list-unstyled list-sizes\">\n<li>20 x 30 cm<\/li>\n<li>30 x 30 cm<\/li>\n<\/ul>\n","protected":false},"featured_media":5439,"template":"","meta":[],"product_brand":[],"product_cat":[1177],"product_tag":[],"class_list":{"0":"post-5836","1":"product","2":"type-product","3":"status-publish","4":"has-post-thumbnail","6":"product_cat-bundles-en","8":"first","9":"instock","10":"shipping-taxable","11":"purchasable","12":"product-type-variable"},"yoast_head":"<!-- This site is optimized with the Yoast SEO plugin v27.5 - https:\/\/yoast.com\/product\/yoast-seo-wordpress\/ -->\n<title>GlamourFlex Bundle \u2013 Basics (5 colors) - plottiX<\/title>\n<meta name=\"description\" content=\"Colourful selection \u2013 various sizes \u2013 high quality \u2013 Discover our selection of GlamourFlex Bundle \u2013 basics iron-on foil. Learn more &gt;\" \/>\n<meta name=\"robots\" content=\"index, follow, max-snippet:-1, max-image-preview:large, max-video-preview:-1\" \/>\n<link rel=\"canonical\" href=\"https:\/\/plottix.de\/en\/products\/iron-on-foil\/bundles\/glamourflex-bundle-basics-5-colors\/\" \/>\n<meta property=\"og:locale\" content=\"en_US\" \/>\n<meta property=\"og:type\" content=\"article\" \/>\n<meta property=\"og:title\" content=\"GlamourFlex Bundle \u2013 Basics (5 colors) - plottiX\" \/>\n<meta property=\"og:description\" content=\"Colourful selection \u2013 various sizes \u2013 high quality \u2013 Discover our selection of GlamourFlex Bundle \u2013 basics iron-on foil. Learn more &gt;\" \/>\n<meta property=\"og:url\" content=\"https:\/\/plottix.de\/en\/products\/iron-on-foil\/bundles\/glamourflex-bundle-basics-5-colors\/\" \/>\n<meta property=\"og:site_name\" content=\"plottiX\" \/>\n<meta property=\"article:modified_time\" content=\"2024-09-23T08:32:18+00:00\" \/>\n<meta property=\"og:image\" content=\"https:\/\/plottix.de\/wp-content\/uploads\/2024\/01\/bundle-flamourflex-basic-20x30-1.jpg\" \/>\n\t<meta property=\"og:image:width\" content=\"1000\" \/>\n\t<meta property=\"og:image:height\" content=\"1000\" \/>\n\t<meta property=\"og:image:type\" content=\"image\/jpeg\" \/>\n<meta name=\"twitter:card\" content=\"summary_large_image\" \/>\n<meta name=\"twitter:label1\" content=\"Est. reading time\" \/>\n\t<meta name=\"twitter:data1\" content=\"1 minute\" \/>\n<script type=\"application\/ld+json\" class=\"yoast-schema-graph\">{\"@context\":\"https:\\\/\\\/schema.org\",\"@graph\":[{\"@type\":\"WebPage\",\"@id\":\"https:\\\/\\\/plottix.de\\\/en\\\/products\\\/iron-on-foil\\\/bundles\\\/glamourflex-bundle-basics-5-colors\\\/\",\"url\":\"https:\\\/\\\/plottix.de\\\/en\\\/products\\\/iron-on-foil\\\/bundles\\\/glamourflex-bundle-basics-5-colors\\\/\",\"name\":\"GlamourFlex Bundle \u2013 Basics (5 colors) - plottiX\",\"isPartOf\":{\"@id\":\"https:\\\/\\\/plottix.de\\\/en\\\/#website\"},\"primaryImageOfPage\":{\"@id\":\"https:\\\/\\\/plottix.de\\\/en\\\/products\\\/iron-on-foil\\\/bundles\\\/glamourflex-bundle-basics-5-colors\\\/#primaryimage\"},\"image\":{\"@id\":\"https:\\\/\\\/plottix.de\\\/en\\\/products\\\/iron-on-foil\\\/bundles\\\/glamourflex-bundle-basics-5-colors\\\/#primaryimage\"},\"thumbnailUrl\":\"https:\\\/\\\/plottix.de\\\/wp-content\\\/uploads\\\/2024\\\/01\\\/bundle-flamourflex-basic-20x30-1.jpg\",\"datePublished\":\"2024-01-12T11:56:25+00:00\",\"dateModified\":\"2024-09-23T08:32:18+00:00\",\"description\":\"Colourful selection \u2013 various sizes \u2013 high quality \u2013 Discover our selection of GlamourFlex Bundle \u2013 basics iron-on foil. Learn more >\",\"breadcrumb\":{\"@id\":\"https:\\\/\\\/plottix.de\\\/en\\\/products\\\/iron-on-foil\\\/bundles\\\/glamourflex-bundle-basics-5-colors\\\/#breadcrumb\"},\"inLanguage\":\"en-US\",\"potentialAction\":[{\"@type\":\"ReadAction\",\"target\":[\"https:\\\/\\\/plottix.de\\\/en\\\/products\\\/iron-on-foil\\\/bundles\\\/glamourflex-bundle-basics-5-colors\\\/\"]}]},{\"@type\":\"ImageObject\",\"inLanguage\":\"en-US\",\"@id\":\"https:\\\/\\\/plottix.de\\\/en\\\/products\\\/iron-on-foil\\\/bundles\\\/glamourflex-bundle-basics-5-colors\\\/#primaryimage\",\"url\":\"https:\\\/\\\/plottix.de\\\/wp-content\\\/uploads\\\/2024\\\/01\\\/bundle-flamourflex-basic-20x30-1.jpg\",\"contentUrl\":\"https:\\\/\\\/plottix.de\\\/wp-content\\\/uploads\\\/2024\\\/01\\\/bundle-flamourflex-basic-20x30-1.jpg\",\"width\":1000,\"height\":1000,\"caption\":\"GlamourFlex Aufb\u00fcgelfolie Bundle Basic\"},{\"@type\":\"BreadcrumbList\",\"@id\":\"https:\\\/\\\/plottix.de\\\/en\\\/products\\\/iron-on-foil\\\/bundles\\\/glamourflex-bundle-basics-5-colors\\\/#breadcrumb\",\"itemListElement\":[{\"@type\":\"ListItem\",\"position\":1,\"name\":\"Startseite\",\"item\":\"https:\\\/\\\/plottix.de\\\/en\\\/\"},{\"@type\":\"ListItem\",\"position\":2,\"name\":\"Products\",\"item\":\"https:\\\/\\\/plottix.de\\\/en\\\/products\\\/\"},{\"@type\":\"ListItem\",\"position\":3,\"name\":\"GlamourFlex Bundle \u2013 Basics (5 colors)\"}]},{\"@type\":\"WebSite\",\"@id\":\"https:\\\/\\\/plottix.de\\\/en\\\/#website\",\"url\":\"https:\\\/\\\/plottix.de\\\/en\\\/\",\"name\":\"plottiX\",\"description\":\"\u2013 Ihr H\u00e4ndler f\u00fcr kreative Materialien\",\"publisher\":{\"@id\":\"https:\\\/\\\/plottix.de\\\/en\\\/#organization\"},\"potentialAction\":[{\"@type\":\"SearchAction\",\"target\":{\"@type\":\"EntryPoint\",\"urlTemplate\":\"https:\\\/\\\/plottix.de\\\/en\\\/?s={search_term_string}\"},\"query-input\":{\"@type\":\"PropertyValueSpecification\",\"valueRequired\":true,\"valueName\":\"search_term_string\"}}],\"inLanguage\":\"en-US\"},{\"@type\":\"Organization\",\"@id\":\"https:\\\/\\\/plottix.de\\\/en\\\/#organization\",\"name\":\"plottiX\",\"url\":\"https:\\\/\\\/plottix.de\\\/en\\\/\",\"logo\":{\"@type\":\"ImageObject\",\"inLanguage\":\"en-US\",\"@id\":\"https:\\\/\\\/plottix.de\\\/en\\\/#\\\/schema\\\/logo\\\/image\\\/\",\"url\":\"https:\\\/\\\/plottix.de\\\/wp-content\\\/uploads\\\/2023\\\/05\\\/plottix-logo.png\",\"contentUrl\":\"https:\\\/\\\/plottix.de\\\/wp-content\\\/uploads\\\/2023\\\/05\\\/plottix-logo.png\",\"width\":800,\"height\":382,\"caption\":\"plottiX\"},\"image\":{\"@id\":\"https:\\\/\\\/plottix.de\\\/en\\\/#\\\/schema\\\/logo\\\/image\\\/\"}}]}<\/script>\n<!-- \/ Yoast SEO plugin. -->","yoast_head_json":{"title":"GlamourFlex Bundle \u2013 Basics (5 colors) - plottiX","description":"Colourful selection \u2013 various sizes \u2013 high quality \u2013 Discover our selection of GlamourFlex Bundle \u2013 basics iron-on foil. Learn more >","robots":{"index":"index","follow":"follow","max-snippet":"max-snippet:-1","max-image-preview":"max-image-preview:large","max-video-preview":"max-video-preview:-1"},"canonical":"https:\/\/plottix.de\/en\/products\/iron-on-foil\/bundles\/glamourflex-bundle-basics-5-colors\/","og_locale":"en_US","og_type":"article","og_title":"GlamourFlex Bundle \u2013 Basics (5 colors) - plottiX","og_description":"Colourful selection \u2013 various sizes \u2013 high quality \u2013 Discover our selection of GlamourFlex Bundle \u2013 basics iron-on foil. Learn more >","og_url":"https:\/\/plottix.de\/en\/products\/iron-on-foil\/bundles\/glamourflex-bundle-basics-5-colors\/","og_site_name":"plottiX","article_modified_time":"2024-09-23T08:32:18+00:00","og_image":[{"width":1000,"height":1000,"url":"https:\/\/plottix.de\/wp-content\/uploads\/2024\/01\/bundle-flamourflex-basic-20x30-1.jpg","type":"image\/jpeg"}],"twitter_card":"summary_large_image","twitter_misc":{"Est. reading time":"1 minute"},"schema":{"@context":"https:\/\/schema.org","@graph":[{"@type":"WebPage","@id":"https:\/\/plottix.de\/en\/products\/iron-on-foil\/bundles\/glamourflex-bundle-basics-5-colors\/","url":"https:\/\/plottix.de\/en\/products\/iron-on-foil\/bundles\/glamourflex-bundle-basics-5-colors\/","name":"GlamourFlex Bundle \u2013 Basics (5 colors) - plottiX","isPartOf":{"@id":"https:\/\/plottix.de\/en\/#website"},"primaryImageOfPage":{"@id":"https:\/\/plottix.de\/en\/products\/iron-on-foil\/bundles\/glamourflex-bundle-basics-5-colors\/#primaryimage"},"image":{"@id":"https:\/\/plottix.de\/en\/products\/iron-on-foil\/bundles\/glamourflex-bundle-basics-5-colors\/#primaryimage"},"thumbnailUrl":"https:\/\/plottix.de\/wp-content\/uploads\/2024\/01\/bundle-flamourflex-basic-20x30-1.jpg","datePublished":"2024-01-12T11:56:25+00:00","dateModified":"2024-09-23T08:32:18+00:00","description":"Colourful selection \u2013 various sizes \u2013 high quality \u2013 Discover our selection of GlamourFlex Bundle \u2013 basics iron-on foil. Learn more >","breadcrumb":{"@id":"https:\/\/plottix.de\/en\/products\/iron-on-foil\/bundles\/glamourflex-bundle-basics-5-colors\/#breadcrumb"},"inLanguage":"en-US","potentialAction":[{"@type":"ReadAction","target":["https:\/\/plottix.de\/en\/products\/iron-on-foil\/bundles\/glamourflex-bundle-basics-5-colors\/"]}]},{"@type":"ImageObject","inLanguage":"en-US","@id":"https:\/\/plottix.de\/en\/products\/iron-on-foil\/bundles\/glamourflex-bundle-basics-5-colors\/#primaryimage","url":"https:\/\/plottix.de\/wp-content\/uploads\/2024\/01\/bundle-flamourflex-basic-20x30-1.jpg","contentUrl":"https:\/\/plottix.de\/wp-content\/uploads\/2024\/01\/bundle-flamourflex-basic-20x30-1.jpg","width":1000,"height":1000,"caption":"GlamourFlex Aufb\u00fcgelfolie Bundle Basic"},{"@type":"BreadcrumbList","@id":"https:\/\/plottix.de\/en\/products\/iron-on-foil\/bundles\/glamourflex-bundle-basics-5-colors\/#breadcrumb","itemListElement":[{"@type":"ListItem","position":1,"name":"Startseite","item":"https:\/\/plottix.de\/en\/"},{"@type":"ListItem","position":2,"name":"Products","item":"https:\/\/plottix.de\/en\/products\/"},{"@type":"ListItem","position":3,"name":"GlamourFlex Bundle \u2013 Basics (5 colors)"}]},{"@type":"WebSite","@id":"https:\/\/plottix.de\/en\/#website","url":"https:\/\/plottix.de\/en\/","name":"plottiX","description":"\u2013 Ihr H\u00e4ndler f\u00fcr kreative Materialien","publisher":{"@id":"https:\/\/plottix.de\/en\/#organization"},"potentialAction":[{"@type":"SearchAction","target":{"@type":"EntryPoint","urlTemplate":"https:\/\/plottix.de\/en\/?s={search_term_string}"},"query-input":{"@type":"PropertyValueSpecification","valueRequired":true,"valueName":"search_term_string"}}],"inLanguage":"en-US"},{"@type":"Organization","@id":"https:\/\/plottix.de\/en\/#organization","name":"plottiX","url":"https:\/\/plottix.de\/en\/","logo":{"@type":"ImageObject","inLanguage":"en-US","@id":"https:\/\/plottix.de\/en\/#\/schema\/logo\/image\/","url":"https:\/\/plottix.de\/wp-content\/uploads\/2023\/05\/plottix-logo.png","contentUrl":"https:\/\/plottix.de\/wp-content\/uploads\/2023\/05\/plottix-logo.png","width":800,"height":382,"caption":"plottiX"},"image":{"@id":"https:\/\/plottix.de\/en\/#\/schema\/logo\/image\/"}}]}},"_links":{"self":[{"href":"https:\/\/plottix.de\/en\/wp-json\/wp\/v2\/product\/5836","targetHints":{"allow":["GET"]}}],"collection":[{"href":"https:\/\/plottix.de\/en\/wp-json\/wp\/v2\/product"}],"about":[{"href":"https:\/\/plottix.de\/en\/wp-json\/wp\/v2\/types\/product"}],"wp:featuredmedia":[{"embeddable":true,"href":"https:\/\/plottix.de\/en\/wp-json\/wp\/v2\/media\/5439"}],"wp:attachment":[{"href":"https:\/\/plottix.de\/en\/wp-json\/wp\/v2\/media?parent=5836"}],"wp:term":[{"taxonomy":"product_brand","embeddable":true,"href":"https:\/\/plottix.de\/en\/wp-json\/wp\/v2\/product_brand?post=5836"},{"taxonomy":"product_cat","embeddable":true,"href":"https:\/\/plottix.de\/en\/wp-json\/wp\/v2\/product_cat?post=5836"},{"taxonomy":"product_tag","embeddable":true,"href":"https:\/\/plottix.de\/en\/wp-json\/wp\/v2\/product_tag?post=5836"}],"curies":[{"name":"wp","href":"https:\/\/api.w.org\/{rel}","templated":true}]}}